    {"id":322,"date":"2022-02-17T13:20:32","date_gmt":"2022-02-17T12:20:32","guid":{"rendered":"https:\/\/www.borg-kindberg.at\/zauberfloete\/?page_id=322"},"modified":"2022-05-13T21:47:09","modified_gmt":"2022-05-13T19:47:09","slug":"impressum","status":"publish","type":"page","link":"https:\/\/www.borg-kindberg.at\/zauberfloete\/impressum\/","title":{"rendered":"Impressum"},"content":{"rendered":"\t\t<div data-elementor-type=\"wp-page\" data-elementor-id=\"322\" class=\"elementor elementor-322\">\n\t\t\t\t\t\t<section class=\"elementor-section elementor-top-section elementor-element elementor-element-dc74d67 elementor-section-boxed elementor-section-height-default elementor-section-height-default\" data-id=\"dc74d67\" data-element_type=\"section\" data-e-type=\"section\">\n\t\t\t\t\t\t<div class=\"elementor-container elementor-column-gap-default\">\n\t\t\t\t\t<div class=\"elementor-column elementor-col-100 elementor-top-column elementor-element elementor-element-a4bcfa5\" data-id=\"a4bcfa5\" data-element_type=\"column\" data-e-type=\"column\">\n\t\t\t<div class=\"elementor-widget-wrap elementor-element-populated\">\n\t\t\t\t\t\t<div class=\"elementor-element elementor-element-08d8e69 elementor-widget elementor-widget-heading\" data-id=\"08d8e69\" data-element_type=\"widget\" data-e-type=\"widget\" data-widget_type=\"heading.default\">\n\t\t\t\t<div class=\"elementor-widget-container\">\n\t\t\t\t\t<h1 class=\"elementor-heading-title elementor-size-xxl\">Impressum<\/h1>\t\t\t\t<\/div>\n\t\t\t\t<\/div>\n\t\t\t\t\t<\/div>\n\t\t<\/div>\n\t\t\t\t\t<\/div>\n\t\t<\/section>\n\t\t\t\t<section class=\"elementor-section elementor-top-section elementor-element elementor-element-4cb41cb elementor-section-boxed elementor-section-height-default elementor-section-height-default\" data-id=\"4cb41cb\" data-element_type=\"section\" data-e-type=\"section\">\n\t\t\t\t\t\t<div class=\"elementor-container elementor-column-gap-default\">\n\t\t\t\t\t<div class=\"elementor-column elementor-col-100 elementor-top-column elementor-element elementor-element-9c422cb\" data-id=\"9c422cb\" data-element_type=\"column\" data-e-type=\"column\">\n\t\t\t<div class=\"elementor-widget-wrap elementor-element-populated\">\n\t\t\t\t\t\t<div class=\"elementor-element elementor-element-30675c5 elementor-widget elementor-widget-text-editor\" data-id=\"30675c5\" data-element_type=\"widget\" data-e-type=\"widget\" data-widget_type=\"text-editor.default\">\n\t\t\t\t<div class=\"elementor-widget-container\">\n\t\t\t\t\t\t\t\t\t<ul><li style=\"text-align: justify;\">Schule: BORG-Kindberg, 8650 Kindberg, Hammerbachgasse 12<br \/>Tel.: 050248055<\/li><li>Schulleiter: Dir. Juri H\u00f6fler (E-Mail: <a href=\"mailto:hoefler@borg-kindberg.ac.at\">hoefler@borg-kindberg.at<\/a>)<\/li><li>Kontakt:<ul><li>\u00dcber den Postweg: Adresse siehe oben<\/li><li>E-Mail: <a href=\"mailto:borg@borg-kindberg.at\">borg@borg-kindberg.at<\/a><\/li><\/ul><\/li><li>WordPress-Design: Mag. Patrik Kutle\u0161a \u2013 BORG-Kindberg (E-Mail: <a href=\"mailto:ku@borg-kindberg.at\">ku@borg-kindberg.at<\/a>)<\/li><li>Pflege der Homepage: Lehrer- und Sch\u00fclerteam am BORG-Kindberg<\/li><li>Klassenfotos &amp; Maturantenfotos: FOTO Puntigam <br \/>Die Site ist f\u00fcr moderne Browser ausgelegt und ber\u00fccksichtigt W3C-Standards. Mittels responsiv Design ist die Site f\u00fcr alle Viewport-Gr\u00f6\u00dfen optimiert. Bei \u00e4lteren Browsern sind Fehldarstellungen nicht ausgeschlossen. Au\u00dferdem sollte Javascript in Ihrem Browser aktiviert sein.<\/li><\/ul><section data-id=\"55b0226\" data-element_type=\"section\"><div><div><div data-id=\"07b5b2b\" data-element_type=\"column\"><div><div><div data-id=\"a7b75ca\" data-element_type=\"widget\" data-widget_type=\"text-editor.default\"><div><div><h4>Rechtliche Hinweise<\/h4><p>Das Layout der Homepage, die verwendeten Grafiken sowie Beitr\u00e4ge und Bilder sind urheberrechtlich gesch\u00fctzt. Die Seiten d\u00fcrfen ausschlie\u00dflich zum privaten Gebrauch ohne jegliche \u00c4nderung vervielf\u00e4ltigt werden. Eine Verbreitung von Kopien oder Ausz\u00fcgen ist nur mit schriftlicher Genehmigung zul\u00e4ssig.<\/p><h4>Haftungsausschluss<\/h4><p>Die Informationen, die Sie auf diesem Internetauftritt vorfinden, wurden nach bestem Wissen und Gewissen sorgf\u00e4ltig zusammengestellt und gepr\u00fcft. Es wird jedoch keine Gew\u00e4hr \u2013 weder ausdr\u00fccklich noch stillschweigend \u2013 f\u00fcr die Vollst\u00e4ndigkeit, Richtigkeit, Aktualit\u00e4t oder Qualit\u00e4t und jederzeitige Verf\u00fcgbarkeit der bereit gestellten Informationen \u00fcbernommen. In keinem Fall wird f\u00fcr Sch\u00e4den, die sich aus der Verwendung der abgerufenen Informationen ergeben, eine Haftung \u00fcbernommen.<\/p><h4>Internetseiten dritter Anbieter \/ Links<\/h4><p>Diese Internetseite enth\u00e4lt auch Links oder Verweise auf Internetauftritte Dritter. Diese Links zu den Internetauftritten Dritter stellen keine Zustimmung zu deren Inhalten durch den Herausgeber dar. Es wird keine Verantwortung f\u00fcr die Verf\u00fcgbarkeit oder den Inhalt solcher Internetauftritte \u00fcbernommen und keine Haftung f\u00fcr Sch\u00e4den oder Verletzungen, die aus der Nutzung \u2013 gleich welcher Art \u2013 solcher Inhalte entstehen. Mit den Links zu anderen Internetauftritten wird den Nutzern lediglich der Zugang zur Nutzung der Inhalte vermittelt. F\u00fcr illegale, fehlerhafte oder unvollst\u00e4ndige Inhalte und f\u00fcr Sch\u00e4den, die aus der Nutzung entstehen, haftet allein der Anbieter der Seite, auf welche verwiesen wurde.<\/p><p>\u00a0<\/p><\/div><\/div><\/div><\/div><\/div><\/div><\/div><\/div><\/section>\t\t\t\t\t\t\t\t<\/div>\n\t\t\t\t<\/div>\n\t\t\t\t\t<\/div>\n\t\t<\/div>\n\t\t\t\t\t<\/div>\n\t\t<\/section>\n\t\t\t\t<\/div>\n\t\t","protected":false},"excerpt":{"rendered":"<p>Impressum Schule: BORG-Kindberg, 8650 Kindberg, Hammerbachgasse 12Tel.: 050248055 Schulleiter: Dir. Juri H\u00f6fler (E-Mail: hoefler@borg-kindberg.at) Kontakt: \u00dcber den Postweg: Adresse siehe oben E-Mail: borg@borg-kindberg.at WordPress-Design: Mag. Patrik Kutle\u0161a \u2013 BORG-Kindberg (E-Mail: ku@borg-kindberg.at) Pflege der Homepage: Lehrer- und Sch\u00fclerteam am BORG-Kindberg Klassenfotos &amp; Maturantenfotos: FOTO Puntigam Die Site ist f\u00fcr moderne Browser ausgelegt und ber\u00fccksichtigt W3C-Standards. Mittels&#8230;<\/p>\n","protected":false},"author":3,"featured_media":0,"parent":0,"menu_order":0,"comment_status":"closed","ping_status":"closed","template":"","meta":{"_kad_post_transparent":"","_kad_post_title":"hide","_kad_post_layout":"fullwidth","_kad_post_sidebar_id":"","_kad_post_content_style":"unboxed","_kad_post_vertical_padding":"hide","_kad_post_feature":"hide","_kad_post_feature_position":"","_kad_post_header":false,"_kad_post_footer":false,"footnotes":""},"class_list":["post-322","page","type-page","status-publish","hentry"],"yoast_head":"<!-- This site is optimized with the Yoast SEO plugin v19.2 - https:\/\/yoast.com\/wordpress\/plugins\/seo\/ -->\n<title>Impressum - Zauberfl\u00f6te<\/title>\n<meta name=\"robots\" content=\"index, follow, max-snippet:-1, max-image-preview:large, max-video-preview:-1\" \/>\n<link rel=\"canonical\" href=\"https:\/\/www.borg-kindberg.at\/zauberfloete\/impressum\/\" \/>\n<meta property=\"og:locale\" content=\"de_DE\" \/>\n<meta property=\"og:type\" content=\"article\" \/>\n<meta property=\"og:title\" content=\"Impressum - Zauberfl\u00f6te\" \/>\n<meta property=\"og:description\" content=\"Impressum Schule: BORG-Kindberg, 8650 Kindberg, Hammerbachgasse 12Tel.: 050248055 Schulleiter: Dir. Juri H\u00f6fler (E-Mail: hoefler@borg-kindberg.at) Kontakt: \u00dcber den Postweg: Adresse siehe oben E-Mail: borg@borg-kindberg.at WordPress-Design: Mag. Patrik Kutle\u0161a \u2013 BORG-Kindberg (E-Mail: ku@borg-kindberg.at) Pflege der Homepage: Lehrer- und Sch\u00fclerteam am BORG-Kindberg Klassenfotos &amp; Maturantenfotos: FOTO Puntigam Die Site ist f\u00fcr moderne Browser ausgelegt und ber\u00fccksichtigt W3C-Standards. Mittels...\" \/>\n<meta property=\"og:url\" content=\"https:\/\/www.borg-kindberg.at\/zauberfloete\/impressum\/\" \/>\n<meta property=\"og:site_name\" content=\"Zauberfl\u00f6te\" \/>\n<meta property=\"article:publisher\" content=\"https:\/\/www.facebook.com\/borg.kindberg.5?ref=tn_tnmn\" \/>\n<meta property=\"article:modified_time\" content=\"2022-05-13T19:47:09+00:00\" \/>\n<meta name=\"author\" content=\"Alec H\u00f6fler\" \/>\n<meta name=\"twitter:card\" content=\"summary_large_image\" \/>\n<meta name=\"twitter:label1\" content=\"Gesch\u00e4tzte Lesezeit\" \/>\n\t<meta name=\"twitter:data1\" content=\"2\u00a0Minuten\" \/>\n<script type=\"application\/ld+json\" class=\"yoast-schema-graph\">{\"@context\":\"https:\/\/schema.org\",\"@graph\":[{\"@type\":\"Organization\",\"@id\":\"https:\/\/www.borg-kindberg.at\/zauberfloete\/#organization\",\"name\":\"BORG Kindberg Musical - Die Zauberfl\u00f6te\",\"url\":\"https:\/\/www.borg-kindberg.at\/zauberfloete\/\",\"sameAs\":[\"https:\/\/www.instagram.com\/borg_kindberg\/\",\"https:\/\/www.youtube.com\/channel\/UCfsU9NAADqXRbQjtAciIW9g\/videos\",\"https:\/\/www.facebook.com\/borg.kindberg.5?ref=tn_tnmn\"],\"logo\":{\"@type\":\"ImageObject\",\"inLanguage\":\"de\",\"@id\":\"https:\/\/www.borg-kindberg.at\/zauberfloete\/#\/schema\/logo\/image\/\",\"url\":\"https:\/\/www.borg-kindberg.at\/zauberfloete\/wp-content\/uploads\/2021\/08\/logo.jpg\",\"contentUrl\":\"https:\/\/www.borg-kindberg.at\/zauberfloete\/wp-content\/uploads\/2021\/08\/logo.jpg\",\"width\":476,\"height\":199,\"caption\":\"BORG Kindberg Musical - Die Zauberfl\u00f6te\"},\"image\":{\"@id\":\"https:\/\/www.borg-kindberg.at\/zauberfloete\/#\/schema\/logo\/image\/\"}},{\"@type\":\"WebSite\",\"@id\":\"https:\/\/www.borg-kindberg.at\/zauberfloete\/#website\",\"url\":\"https:\/\/www.borg-kindberg.at\/zauberfloete\/\",\"name\":\"Zauberfl\u00f6te\",\"description\":\"Mozart meets the Beatles\",\"publisher\":{\"@id\":\"https:\/\/www.borg-kindberg.at\/zauberfloete\/#organization\"},\"potentialAction\":[{\"@type\":\"SearchAction\",\"target\":{\"@type\":\"EntryPoint\",\"urlTemplate\":\"https:\/\/www.borg-kindberg.at\/zauberfloete\/?s={search_term_string}\"},\"query-input\":\"required name=search_term_string\"}],\"inLanguage\":\"de\"},{\"@type\":\"WebPage\",\"@id\":\"https:\/\/www.borg-kindberg.at\/zauberfloete\/impressum\/#webpage\",\"url\":\"https:\/\/www.borg-kindberg.at\/zauberfloete\/impressum\/\",\"name\":\"Impressum - Zauberfl\u00f6te\",\"isPartOf\":{\"@id\":\"https:\/\/www.borg-kindberg.at\/zauberfloete\/#website\"},\"datePublished\":\"2022-02-17T12:20:32+00:00\",\"dateModified\":\"2022-05-13T19:47:09+00:00\",\"breadcrumb\":{\"@id\":\"https:\/\/www.borg-kindberg.at\/zauberfloete\/impressum\/#breadcrumb\"},\"inLanguage\":\"de\",\"potentialAction\":[{\"@type\":\"ReadAction\",\"target\":[\"https:\/\/www.borg-kindberg.at\/zauberfloete\/impressum\/\"]}]},{\"@type\":\"BreadcrumbList\",\"@id\":\"https:\/\/www.borg-kindberg.at\/zauberfloete\/impressum\/#breadcrumb\",\"itemListElement\":[{\"@type\":\"ListItem\",\"position\":1,\"name\":\"Home\",\"item\":\"https:\/\/www.borg-kindberg.at\/zauberfloete\/\"},{\"@type\":\"ListItem\",\"position\":2,\"name\":\"Impressum\"}]}]}<\/script>\n<!-- \/ Yoast SEO plugin. -->","yoast_head_json":{"title":"Impressum - Zauberfl\u00f6te","robots":{"index":"index","follow":"follow","max-snippet":"max-snippet:-1","max-image-preview":"max-image-preview:large","max-video-preview":"max-video-preview:-1"},"canonical":"https:\/\/www.borg-kindberg.at\/zauberfloete\/impressum\/","og_locale":"de_DE","og_type":"article","og_title":"Impressum - Zauberfl\u00f6te","og_description":"Impressum Schule: BORG-Kindberg, 8650 Kindberg, Hammerbachgasse 12Tel.: 050248055 Schulleiter: Dir. Juri H\u00f6fler (E-Mail: hoefler@borg-kindberg.at) Kontakt: \u00dcber den Postweg: Adresse siehe oben E-Mail: borg@borg-kindberg.at WordPress-Design: Mag. Patrik Kutle\u0161a \u2013 BORG-Kindberg (E-Mail: ku@borg-kindberg.at) Pflege der Homepage: Lehrer- und Sch\u00fclerteam am BORG-Kindberg Klassenfotos &amp; Maturantenfotos: FOTO Puntigam Die Site ist f\u00fcr moderne Browser ausgelegt und ber\u00fccksichtigt W3C-Standards. Mittels...","og_url":"https:\/\/www.borg-kindberg.at\/zauberfloete\/impressum\/","og_site_name":"Zauberfl\u00f6te","article_publisher":"https:\/\/www.facebook.com\/borg.kindberg.5?ref=tn_tnmn","article_modified_time":"2022-05-13T19:47:09+00:00","author":"Alec H\u00f6fler","twitter_card":"summary_large_image","twitter_misc":{"Gesch\u00e4tzte Lesezeit":"2\u00a0Minuten"},"schema":{"@context":"https:\/\/schema.org","@graph":[{"@type":"Organization","@id":"https:\/\/www.borg-kindberg.at\/zauberfloete\/#organization","name":"BORG Kindberg Musical - Die Zauberfl\u00f6te","url":"https:\/\/www.borg-kindberg.at\/zauberfloete\/","sameAs":["https:\/\/www.instagram.com\/borg_kindberg\/","https:\/\/www.youtube.com\/channel\/UCfsU9NAADqXRbQjtAciIW9g\/videos","https:\/\/www.facebook.com\/borg.kindberg.5?ref=tn_tnmn"],"logo":{"@type":"ImageObject","inLanguage":"de","@id":"https:\/\/www.borg-kindberg.at\/zauberfloete\/#\/schema\/logo\/image\/","url":"https:\/\/www.borg-kindberg.at\/zauberfloete\/wp-content\/uploads\/2021\/08\/logo.jpg","contentUrl":"https:\/\/www.borg-kindberg.at\/zauberfloete\/wp-content\/uploads\/2021\/08\/logo.jpg","width":476,"height":199,"caption":"BORG Kindberg Musical - Die Zauberfl\u00f6te"},"image":{"@id":"https:\/\/www.borg-kindberg.at\/zauberfloete\/#\/schema\/logo\/image\/"}},{"@type":"WebSite","@id":"https:\/\/www.borg-kindberg.at\/zauberfloete\/#website","url":"https:\/\/www.borg-kindberg.at\/zauberfloete\/","name":"Zauberfl\u00f6te","description":"Mozart meets the Beatles","publisher":{"@id":"https:\/\/www.borg-kindberg.at\/zauberfloete\/#organization"},"potentialAction":[{"@type":"SearchAction","target":{"@type":"EntryPoint","urlTemplate":"https:\/\/www.borg-kindberg.at\/zauberfloete\/?s={search_term_string}"},"query-input":"required name=search_term_string"}],"inLanguage":"de"},{"@type":"WebPage","@id":"https:\/\/www.borg-kindberg.at\/zauberfloete\/impressum\/#webpage","url":"https:\/\/www.borg-kindberg.at\/zauberfloete\/impressum\/","name":"Impressum - Zauberfl\u00f6te","isPartOf":{"@id":"https:\/\/www.borg-kindberg.at\/zauberfloete\/#website"},"datePublished":"2022-02-17T12:20:32+00:00","dateModified":"2022-05-13T19:47:09+00:00","breadcrumb":{"@id":"https:\/\/www.borg-kindberg.at\/zauberfloete\/impressum\/#breadcrumb"},"inLanguage":"de","potentialAction":[{"@type":"ReadAction","target":["https:\/\/www.borg-kindberg.at\/zauberfloete\/impressum\/"]}]},{"@type":"BreadcrumbList","@id":"https:\/\/www.borg-kindberg.at\/zauberfloete\/impressum\/#breadcrumb","itemListElement":[{"@type":"ListItem","position":1,"name":"Home","item":"https:\/\/www.borg-kindberg.at\/zauberfloete\/"},{"@type":"ListItem","position":2,"name":"Impressum"}]}]}},"_links":{"self":[{"href":"https:\/\/www.borg-kindberg.at\/zauberfloete\/wp-json\/wp\/v2\/pages\/322","targetHints":{"allow":["GET"]}}],"collection":[{"href":"https:\/\/www.borg-kindberg.at\/zauberfloete\/wp-json\/wp\/v2\/pages"}],"about":[{"href":"https:\/\/www.borg-kindberg.at\/zauberfloete\/wp-json\/wp\/v2\/types\/page"}],"author":[{"embeddable":true,"href":"https:\/\/www.borg-kindberg.at\/zauberfloete\/wp-json\/wp\/v2\/users\/3"}],"replies":[{"embeddable":true,"href":"https:\/\/www.borg-kindberg.at\/zauberfloete\/wp-json\/wp\/v2\/comments?post=322"}],"version-history":[{"count":11,"href":"https:\/\/www.borg-kindberg.at\/zauberfloete\/wp-json\/wp\/v2\/pages\/322\/revisions"}],"predecessor-version":[{"id":1149,"href":"https:\/\/www.borg-kindberg.at\/zauberfloete\/wp-json\/wp\/v2\/pages\/322\/revisions\/1149"}],"wp:attachment":[{"href":"https:\/\/www.borg-kindberg.at\/zauberfloete\/wp-json\/wp\/v2\/media?parent=322"}],"curies":[{"name":"wp","href":"https:\/\/api.w.org\/{rel}","templated":true}]}}