    {"id":1371,"date":"2025-02-17T16:34:29","date_gmt":"2025-02-17T15:34:29","guid":{"rendered":"https:\/\/www.borg-kindberg.at\/wald\/?page_id=1371"},"modified":"2025-02-17T17:46:31","modified_gmt":"2025-02-17T16:46:31","slug":"pressemitteilungen","status":"publish","type":"page","link":"https:\/\/www.borg-kindberg.at\/wald\/pressemitteilungen\/","title":{"rendered":"Pressemitteilungen"},"content":{"rendered":"\t\t<div data-elementor-type=\"wp-page\" data-elementor-id=\"1371\" class=\"elementor elementor-1371\">\n\t\t\t\t<div class=\"elementor-element elementor-element-1aa46bd e-flex e-con-boxed e-con e-parent\" data-id=\"1aa46bd\" data-element_type=\"container\">\n\t\t\t\t\t<div class=\"e-con-inner\">\n\t\t\t\t<div class=\"elementor-element elementor-element-566a794 elementor-widget elementor-widget-heading\" data-id=\"566a794\" data-element_type=\"widget\" data-widget_type=\"heading.default\">\n\t\t\t\t<div class=\"elementor-widget-container\">\n\t\t\t\t\t<h2 class=\"elementor-heading-title elementor-size-default\">Pressemitteilungen<\/h2>\t\t\t\t<\/div>\n\t\t\t\t<\/div>\n\t\t\t\t\t<\/div>\n\t\t\t\t<\/div>\n\t\t<div class=\"elementor-element elementor-element-016d6ca e-grid e-con-boxed e-con e-parent\" data-id=\"016d6ca\" data-element_type=\"container\">\n\t\t\t\t\t<div class=\"e-con-inner\">\n\t\t\t\t<div class=\"elementor-element elementor-element-f7d9c74 elementor-widget elementor-widget-image\" data-id=\"f7d9c74\" data-element_type=\"widget\" data-widget_type=\"image.default\">\n\t\t\t\t<div class=\"elementor-widget-container\">\n\t\t\t\t\t\t\t\t\t\t\t\t\t\t\t\t<a href=\"https:\/\/on.orf.at\/video\/14263595\/15820807\/borg-kindberg-entwickelt-eigenes-musical\">\n\t\t\t\t\t\t\t<img fetchpriority=\"high\" decoding=\"async\" width=\"1024\" height=\"483\" src=\"https:\/\/www.borg-kindberg.at\/wald\/wp-content\/uploads\/2025\/02\/orf-1024x483.png\" class=\"attachment-large size-large wp-image-1375\" alt=\"\" srcset=\"https:\/\/www.borg-kindberg.at\/wald\/wp-content\/uploads\/2025\/02\/orf-1024x483.png 1024w, https:\/\/www.borg-kindberg.at\/wald\/wp-content\/uploads\/2025\/02\/orf-300x141.png 300w, https:\/\/www.borg-kindberg.at\/wald\/wp-content\/uploads\/2025\/02\/orf-768x362.png 768w, https:\/\/www.borg-kindberg.at\/wald\/wp-content\/uploads\/2025\/02\/orf-1536x724.png 1536w, https:\/\/www.borg-kindberg.at\/wald\/wp-content\/uploads\/2025\/02\/orf-2048x966.png 2048w\" sizes=\"(max-width: 1024px) 100vw, 1024px\" \/>\t\t\t\t\t\t\t\t<\/a>\n\t\t\t\t\t\t\t\t\t\t\t\t\t\t\t<\/div>\n\t\t\t\t<\/div>\n\t\t\t\t<div class=\"elementor-element elementor-element-1db35ec elementor-widget elementor-widget-image\" data-id=\"1db35ec\" data-element_type=\"widget\" data-widget_type=\"image.default\">\n\t\t\t\t<div class=\"elementor-widget-container\">\n\t\t\t\t\t\t\t\t\t\t\t\t\t\t\t\t<a href=\"https:\/\/www.youtube.com\/watch?v=sutgCL0n3-A\">\n\t\t\t\t\t\t\t<img decoding=\"async\" width=\"1024\" height=\"576\" src=\"https:\/\/www.borg-kindberg.at\/wald\/wp-content\/uploads\/2025\/02\/mema-1024x576.png\" class=\"attachment-large size-large wp-image-1376\" alt=\"\" srcset=\"https:\/\/www.borg-kindberg.at\/wald\/wp-content\/uploads\/2025\/02\/mema-1024x576.png 1024w, https:\/\/www.borg-kindberg.at\/wald\/wp-content\/uploads\/2025\/02\/mema-300x169.png 300w, https:\/\/www.borg-kindberg.at\/wald\/wp-content\/uploads\/2025\/02\/mema-768x432.png 768w, https:\/\/www.borg-kindberg.at\/wald\/wp-content\/uploads\/2025\/02\/mema.png 1280w\" sizes=\"(max-width: 1024px) 100vw, 1024px\" \/>\t\t\t\t\t\t\t\t<\/a>\n\t\t\t\t\t\t\t\t\t\t\t\t\t\t\t<\/div>\n\t\t\t\t<\/div>\n\t\t\t\t\t<\/div>\n\t\t\t\t<\/div>\n\t\t<div class=\"elementor-element elementor-element-6893df9 e-flex e-con-boxed e-con e-parent\" data-id=\"6893df9\" data-element_type=\"container\">\n\t\t\t\t\t<div class=\"e-con-inner\">\n\t\t\t\t<div class=\"elementor-element elementor-element-05673d5 elementor-widget elementor-widget-text-editor\" data-id=\"05673d5\" data-element_type=\"widget\" data-widget_type=\"text-editor.default\">\n\t\t\t\t<div class=\"elementor-widget-container\">\n\t\t\t\t\t\t\t\t\t<p>Die Presse berichtet bereits flei\u00dfig dar\u00fcber:<\/p><ul><li><a href=\"https:\/\/on.orf.at\/video\/14263595\/15820807\/borg-kindberg-entwickelt-eigenes-musical\">ORF Steiermark<\/a><\/li><li><a href=\"https:\/\/www.youtube.com\/watch?v=sutgCL0n3-A\">MEMA TV<\/a><\/li><li><a href=\"https:\/\/www.meinbezirk.at\/muerztal\/c-leute\/welt-urauffuehrung-zum-20-jahr-jubilaeum_a7134072\">Mein Bezirk<\/a><\/li><li><a href=\"https:\/\/www.krone.at\/3676698\">Krone<\/a><\/li><li><a href=\"https:\/\/www.rundschau-medien.at\/epaper\/ausgaben\/2025\/2506\/681750\/MZ\/4\/\">Obersteirische Rundschau<\/a><\/li><li><a href=\"https:\/\/www.kleinezeitung.at\/steiermark\/muerztal\/19338893\/peter-rosegger-trifft-am-borg-kindberg-auf-die-digitale-welt\">Kleine Zeitung<\/a><\/li><\/ul>\t\t\t\t\t\t\t\t<\/div>\n\t\t\t\t<\/div>\n\t\t\t\t<div class=\"elementor-element elementor-element-752f8d0 elementor-widget-divider--view-line elementor-widget elementor-widget-divider\" data-id=\"752f8d0\" data-element_type=\"widget\" data-widget_type=\"divider.default\">\n\t\t\t\t<div class=\"elementor-widget-container\">\n\t\t\t\t\t\t\t<div class=\"elementor-divider\">\n\t\t\t<span class=\"elementor-divider-separator\">\n\t\t\t\t\t\t<\/span>\n\t\t<\/div>\n\t\t\t\t\t\t<\/div>\n\t\t\t\t<\/div>\n\t\t\t\t<div class=\"elementor-element elementor-element-7635546 elementor-widget elementor-widget-text-editor\" data-id=\"7635546\" data-element_type=\"widget\" data-widget_type=\"text-editor.default\">\n\t\t\t\t<div class=\"elementor-widget-container\">\n\t\t\t\t\t\t\t\t\t<p>Alle Parteien unterst\u00fctzen die Jugend. Vielen Dank f\u00fcr die Sachspenden.<br \/>Josef Gr\u00e4tzhofer, Silke Zadra, Mario Zver, Eva Hechtner mit musikalischem Leiter Archie Hoch\u00f6rtler und DarstellerInnen.<\/p>\t\t\t\t\t\t\t\t<\/div>\n\t\t\t\t<\/div>\n\t\t\t\t<div class=\"elementor-element elementor-element-7adc965 elementor-widget elementor-widget-image\" data-id=\"7adc965\" data-element_type=\"widget\" data-widget_type=\"image.default\">\n\t\t\t\t<div class=\"elementor-widget-container\">\n\t\t\t\t\t\t\t\t\t\t\t\t\t\t\t\t<a href=\"https:\/\/www.borg-kindberg.at\/wald\/wp-content\/uploads\/2025\/02\/Unbenannt.jpg\" data-elementor-open-lightbox=\"yes\" data-elementor-lightbox-title=\"Unbenannt\" data-e-action-hash=\"#elementor-action%3Aaction%3Dlightbox%26settings%3DeyJpZCI6MTM3NywidXJsIjoiaHR0cHM6XC9cL3d3dy5ib3JnLWtpbmRiZXJnLmF0XC93YWxkXC93cC1jb250ZW50XC91cGxvYWRzXC8yMDI1XC8wMlwvVW5iZW5hbm50LmpwZyJ9\">\n\t\t\t\t\t\t\t<img decoding=\"async\" width=\"1024\" height=\"768\" src=\"https:\/\/www.borg-kindberg.at\/wald\/wp-content\/uploads\/2025\/02\/Unbenannt-1024x768.jpg\" class=\"attachment-large size-large wp-image-1377\" alt=\"\" srcset=\"https:\/\/www.borg-kindberg.at\/wald\/wp-content\/uploads\/2025\/02\/Unbenannt-1024x768.jpg 1024w, https:\/\/www.borg-kindberg.at\/wald\/wp-content\/uploads\/2025\/02\/Unbenannt-300x225.jpg 300w, https:\/\/www.borg-kindberg.at\/wald\/wp-content\/uploads\/2025\/02\/Unbenannt-768x576.jpg 768w, https:\/\/www.borg-kindberg.at\/wald\/wp-content\/uploads\/2025\/02\/Unbenannt-1536x1152.jpg 1536w, https:\/\/www.borg-kindberg.at\/wald\/wp-content\/uploads\/2025\/02\/Unbenannt.jpg 1600w\" sizes=\"(max-width: 1024px) 100vw, 1024px\" \/>\t\t\t\t\t\t\t\t<\/a>\n\t\t\t\t\t\t\t\t\t\t\t\t\t\t\t<\/div>\n\t\t\t\t<\/div>\n\t\t\t\t\t<\/div>\n\t\t\t\t<\/div>\n\t\t\t\t<\/div>\n\t\t","protected":false},"excerpt":{"rendered":"<p>Pressemitteilungen Die Presse berichtet bereits flei\u00dfig dar\u00fcber: ORF Steiermark MEMA TV Mein Bezirk Krone Obersteirische Rundschau Kleine Zeitung Alle Parteien unterst\u00fctzen die Jugend. Vielen Dank f\u00fcr die Sachspenden.Josef Gr\u00e4tzhofer, Silke Zadra, Mario Zver, Eva Hechtner mit musikalischem Leiter Archie Hoch\u00f6rtler und DarstellerInnen.<\/p>\n","protected":false},"author":1,"featured_media":0,"parent":0,"menu_order":0,"comment_status":"closed","ping_status":"closed","template":"","meta":{"footnotes":""},"class_list":["post-1371","page","type-page","status-publish","hentry"],"_links":{"self":[{"href":"https:\/\/www.borg-kindberg.at\/wald\/wp-json\/wp\/v2\/pages\/1371","targetHints":{"allow":["GET"]}}],"collection":[{"href":"https:\/\/www.borg-kindberg.at\/wald\/wp-json\/wp\/v2\/pages"}],"about":[{"href":"https:\/\/www.borg-kindberg.at\/wald\/wp-json\/wp\/v2\/types\/page"}],"author":[{"embeddable":true,"href":"https:\/\/www.borg-kindberg.at\/wald\/wp-json\/wp\/v2\/users\/1"}],"replies":[{"embeddable":true,"href":"https:\/\/www.borg-kindberg.at\/wald\/wp-json\/wp\/v2\/comments?post=1371"}],"version-history":[{"count":13,"href":"https:\/\/www.borg-kindberg.at\/wald\/wp-json\/wp\/v2\/pages\/1371\/revisions"}],"predecessor-version":[{"id":1391,"href":"https:\/\/www.borg-kindberg.at\/wald\/wp-json\/wp\/v2\/pages\/1371\/revisions\/1391"}],"wp:attachment":[{"href":"https:\/\/www.borg-kindberg.at\/wald\/wp-json\/wp\/v2\/media?parent=1371"}],"curies":[{"name":"wp","href":"https:\/\/api.w.org\/{rel}","templated":true}]}}