    {"id":1034,"date":"2025-02-07T11:48:00","date_gmt":"2025-02-07T10:48:00","guid":{"rendered":"https:\/\/www.borg-kindberg.at\/wald\/?page_id=1034"},"modified":"2025-02-11T13:14:21","modified_gmt":"2025-02-11T12:14:21","slug":"gruppen","status":"publish","type":"page","link":"https:\/\/www.borg-kindberg.at\/wald\/gruppen\/","title":{"rendered":"Gruppen"},"content":{"rendered":"\t\t<div data-elementor-type=\"wp-page\" data-elementor-id=\"1034\" class=\"elementor elementor-1034\">\n\t\t\t\t<div class=\"elementor-element elementor-element-d1402f1 e-flex e-con-boxed e-con e-parent\" data-id=\"d1402f1\" data-element_type=\"container\">\n\t\t\t\t\t<div class=\"e-con-inner\">\n\t\t\t\t<div class=\"elementor-element elementor-element-b891071 elementor-widget elementor-widget-heading\" data-id=\"b891071\" data-element_type=\"widget\" data-widget_type=\"heading.default\">\n\t\t\t\t<div class=\"elementor-widget-container\">\n\t\t\t\t\t<h1 class=\"elementor-heading-title elementor-size-default\">Gruppen<\/h1>\t\t\t\t<\/div>\n\t\t\t\t<\/div>\n\t\t\t\t\t<\/div>\n\t\t\t\t<\/div>\n\t\t<div class=\"elementor-element elementor-element-1ac62c2 e-con-full e-flex e-con e-child\" data-id=\"1ac62c2\" data-element_type=\"container\" data-settings=\"{&quot;animation&quot;:&quot;none&quot;}\">\n\t\t\t\t<div class=\"elementor-element elementor-element-84868b3 elementor-widget elementor-widget-n-accordion\" data-id=\"84868b3\" data-element_type=\"widget\" data-settings=\"{&quot;default_state&quot;:&quot;all_collapsed&quot;,&quot;max_items_expended&quot;:&quot;one&quot;,&quot;n_accordion_animation_duration&quot;:{&quot;unit&quot;:&quot;ms&quot;,&quot;size&quot;:400,&quot;sizes&quot;:[]}}\" data-widget_type=\"nested-accordion.default\">\n\t\t\t\t<div class=\"elementor-widget-container\">\n\t\t\t\t\t\t\t<div class=\"e-n-accordion\" aria-label=\"Accordion. Open links with Enter or Space, close with Escape, and navigate with Arrow Keys\">\n\t\t\t\t\t\t<details id=\"e-n-accordion-item-1380\" class=\"e-n-accordion-item\" >\n\t\t\t\t<summary class=\"e-n-accordion-item-title\" data-accordion-index=\"1\" tabindex=\"0\" aria-expanded=\"false\" aria-controls=\"e-n-accordion-item-1380\" >\n\t\t\t\t\t<span class='e-n-accordion-item-title-header'><div class=\"e-n-accordion-item-title-text\"> Film <\/div><\/span>\n\t\t\t\t\t\t\t<span class='e-n-accordion-item-title-icon'>\n\t\t\t<span class='e-opened' ><svg aria-hidden=\"true\" class=\"e-font-icon-svg e-fas-minus\" viewBox=\"0 0 448 512\" xmlns=\"http:\/\/www.w3.org\/2000\/svg\"><path d=\"M416 208H32c-17.67 0-32 14.33-32 32v32c0 17.67 14.33 32 32 32h384c17.67 0 32-14.33 32-32v-32c0-17.67-14.33-32-32-32z\"><\/path><\/svg><\/span>\n\t\t\t<span class='e-closed'><svg aria-hidden=\"true\" class=\"e-font-icon-svg e-fas-plus\" viewBox=\"0 0 448 512\" xmlns=\"http:\/\/www.w3.org\/2000\/svg\"><path d=\"M416 208H272V64c0-17.67-14.33-32-32-32h-32c-17.67 0-32 14.33-32 32v144H32c-17.67 0-32 14.33-32 32v32c0 17.67 14.33 32 32 32h144v144c0 17.67 14.33 32 32 32h32c17.67 0 32-14.33 32-32V304h144c17.67 0 32-14.33 32-32v-32c0-17.67-14.33-32-32-32z\"><\/path><\/svg><\/span>\n\t\t<\/span>\n\n\t\t\t\t\t\t<\/summary>\n\t\t\t\t<div role=\"region\" aria-labelledby=\"e-n-accordion-item-1380\" class=\"elementor-element elementor-element-bc11534 e-con-full e-flex e-con e-child\" data-id=\"bc11534\" data-element_type=\"container\">\n\t\t<div role=\"region\" aria-labelledby=\"e-n-accordion-item-1380\" class=\"elementor-element elementor-element-7d3b481 e-flex e-con-boxed e-con e-child\" data-id=\"7d3b481\" data-element_type=\"container\">\n\t\t\t\t\t<div class=\"e-con-inner\">\n\t\t\t\t<div class=\"elementor-element elementor-element-e2b9284 elementor-widget elementor-widget-text-editor\" data-id=\"e2b9284\" data-element_type=\"widget\" data-widget_type=\"text-editor.default\">\n\t\t\t\t<div class=\"elementor-widget-container\">\n\t\t\t\t\t\t\t\t\t<p style=\"text-align: justify\"><span class=\"TextRun SCXW95085264 BCX8\" lang=\"DE-DE\" xml:lang=\"DE-DE\" data-contrast=\"auto\"><span class=\"NormalTextRun SCXW95085264 BCX8\">Wir aus dem Filmteam haben die <\/span><span class=\"NormalTextRun SCXW95085264 BCX8\">Aufgabe beim Musica<\/span><span class=\"NormalTextRun SCXW95085264 BCX8\">l,<\/span> <span class=\"NormalTextRun SCXW95085264 BCX8\">das B\u00fchnenbild zu gestalten. Man kann es bei der Auff\u00fchrung im Hintergrund auf einem Bildschirm betrachten. Auch ein <\/span><span class=\"NormalTextRun SCXW95085264 BCX8\">B<\/span><span class=\"NormalTextRun SCXW95085264 BCX8\">ehind-<\/span><span class=\"NormalTextRun SpellingErrorV2Themed SCXW95085264 BCX8\">the<\/span><span class=\"NormalTextRun SCXW95085264 BCX8\">-scenes<\/span><span class=\"NormalTextRun SCXW95085264 BCX8\">&#8211;<\/span><span class=\"NormalTextRun SCXW95085264 BCX8\">Video wird es von <\/span><span class=\"NormalTextRun SCXW95085264 BCX8\">uns <\/span><span class=\"NormalTextRun SCXW95085264 BCX8\">geben. Besonders cool finden <\/span><span class=\"NormalTextRun SCXW95085264 BCX8\">wir <\/span><span class=\"NormalTextRun SCXW95085264 BCX8\">die Freiheiten und Selbstverantwortung, welche <\/span><span class=\"NormalTextRun SCXW95085264 BCX8\">wir <\/span><span class=\"NormalTextRun SCXW95085264 BCX8\">von <\/span><span class=\"NormalTextRun SCXW95085264 BCX8\">unserem <\/span><span class=\"NormalTextRun SCXW95085264 BCX8\">Professor bekommen.<\/span><\/span><\/p><p style=\"text-align: justify\"><strong><em><span style=\"text-decoration: underline\"><a href=\"https:\/\/www.borg-kindberg.at\/wald\/wp-content\/uploads\/2025\/02\/Liste-der-Beschaeftigten-2.pdf\">Team<\/a><\/span><\/em><\/strong><\/p>\t\t\t\t\t\t\t\t<\/div>\n\t\t\t\t<\/div>\n\t\t\t\t\t<\/div>\n\t\t\t\t<\/div>\n\t\t\t\t<\/div>\n\t\t\t\t\t<\/details>\n\t\t\t\t\t\t<details id=\"e-n-accordion-item-1381\" class=\"e-n-accordion-item\" >\n\t\t\t\t<summary class=\"e-n-accordion-item-title\" data-accordion-index=\"2\" tabindex=\"-1\" aria-expanded=\"false\" aria-controls=\"e-n-accordion-item-1381\" >\n\t\t\t\t\t<span class='e-n-accordion-item-title-header'><div class=\"e-n-accordion-item-title-text\"> Marketing <\/div><\/span>\n\t\t\t\t\t\t\t<span class='e-n-accordion-item-title-icon'>\n\t\t\t<span class='e-opened' ><svg aria-hidden=\"true\" class=\"e-font-icon-svg e-fas-minus\" viewBox=\"0 0 448 512\" xmlns=\"http:\/\/www.w3.org\/2000\/svg\"><path d=\"M416 208H32c-17.67 0-32 14.33-32 32v32c0 17.67 14.33 32 32 32h384c17.67 0 32-14.33 32-32v-32c0-17.67-14.33-32-32-32z\"><\/path><\/svg><\/span>\n\t\t\t<span class='e-closed'><svg aria-hidden=\"true\" class=\"e-font-icon-svg e-fas-plus\" viewBox=\"0 0 448 512\" xmlns=\"http:\/\/www.w3.org\/2000\/svg\"><path d=\"M416 208H272V64c0-17.67-14.33-32-32-32h-32c-17.67 0-32 14.33-32 32v144H32c-17.67 0-32 14.33-32 32v32c0 17.67 14.33 32 32 32h144v144c0 17.67 14.33 32 32 32h32c17.67 0 32-14.33 32-32V304h144c17.67 0 32-14.33 32-32v-32c0-17.67-14.33-32-32-32z\"><\/path><\/svg><\/span>\n\t\t<\/span>\n\n\t\t\t\t\t\t<\/summary>\n\t\t\t\t<div role=\"region\" aria-labelledby=\"e-n-accordion-item-1381\" class=\"elementor-element elementor-element-bd3d844 e-flex e-con-boxed e-con e-child\" data-id=\"bd3d844\" data-element_type=\"container\">\n\t\t\t\t\t<div class=\"e-con-inner\">\n\t\t\t\t<div class=\"elementor-element elementor-element-3e51b0c elementor-widget elementor-widget-text-editor\" data-id=\"3e51b0c\" data-element_type=\"widget\" data-widget_type=\"text-editor.default\">\n\t\t\t\t<div class=\"elementor-widget-container\">\n\t\t\t\t\t\t\t\t\t<p>Wir, das Marketingteam, sind daf\u00fcr zust\u00e4ndig, unser Musical perfekt zu vermarkten und unsere Darsteller:\u00a0 innen der \u00d6ffentlichkeit zu pr\u00e4sentieren. Bei der t\u00e4glichen Arbeit w\u00e4chst unser Team immer mehr zusammen.\u00a0 Dabei kommen unentdeckte Talente zum Vorschein, wie z.B. freche Interviewf\u00fchrung oder kreative Videoideen.<\/p><p><strong style=\"color: var( --e-global-color-text );font-family: var( --e-global-typography-text-font-family ), Sans-serif;font-size: var(--wp--preset--font-size--medium)\"><em><a href=\"https:\/\/www.borg-kindberg.at\/wald\/wp-content\/uploads\/2025\/02\/Liste-der-Beschaeftigten.pdf\"><u>Team<\/u><\/a><\/em><\/strong><\/p>\t\t\t\t\t\t\t\t<\/div>\n\t\t\t\t<\/div>\n\t\t\t\t\t<\/div>\n\t\t\t\t<\/div>\n\t\t\t\t\t<\/details>\n\t\t\t\t\t\t<details id=\"e-n-accordion-item-1382\" class=\"e-n-accordion-item\" >\n\t\t\t\t<summary class=\"e-n-accordion-item-title\" data-accordion-index=\"3\" tabindex=\"-1\" aria-expanded=\"false\" aria-controls=\"e-n-accordion-item-1382\" >\n\t\t\t\t\t<span class='e-n-accordion-item-title-header'><div class=\"e-n-accordion-item-title-text\"> Stylingteam <\/div><\/span>\n\t\t\t\t\t\t\t<span class='e-n-accordion-item-title-icon'>\n\t\t\t<span class='e-opened' ><svg aria-hidden=\"true\" class=\"e-font-icon-svg e-fas-minus\" viewBox=\"0 0 448 512\" xmlns=\"http:\/\/www.w3.org\/2000\/svg\"><path d=\"M416 208H32c-17.67 0-32 14.33-32 32v32c0 17.67 14.33 32 32 32h384c17.67 0 32-14.33 32-32v-32c0-17.67-14.33-32-32-32z\"><\/path><\/svg><\/span>\n\t\t\t<span class='e-closed'><svg aria-hidden=\"true\" class=\"e-font-icon-svg e-fas-plus\" viewBox=\"0 0 448 512\" xmlns=\"http:\/\/www.w3.org\/2000\/svg\"><path d=\"M416 208H272V64c0-17.67-14.33-32-32-32h-32c-17.67 0-32 14.33-32 32v144H32c-17.67 0-32 14.33-32 32v32c0 17.67 14.33 32 32 32h144v144c0 17.67 14.33 32 32 32h32c17.67 0 32-14.33 32-32V304h144c17.67 0 32-14.33 32-32v-32c0-17.67-14.33-32-32-32z\"><\/path><\/svg><\/span>\n\t\t<\/span>\n\n\t\t\t\t\t\t<\/summary>\n\t\t\t\t<div role=\"region\" aria-labelledby=\"e-n-accordion-item-1382\" class=\"elementor-element elementor-element-c9b040d e-con-full e-flex e-con e-child\" data-id=\"c9b040d\" data-element_type=\"container\">\n\t\t\t\t<div class=\"elementor-element elementor-element-863fb3a elementor-widget elementor-widget-text-editor\" data-id=\"863fb3a\" data-element_type=\"widget\" data-widget_type=\"text-editor.default\">\n\t\t\t\t<div class=\"elementor-widget-container\">\n\t\t\t\t\t\t\t\t\t<p><span class=\"TextRun SCXW148996753 BCX8\" lang=\"DE-DE\" xml:lang=\"DE-DE\" data-contrast=\"auto\"><span class=\"NormalTextRun SCXW148996753 BCX8\">Wir aus dem Hair<\/span><span class=\"NormalTextRun SCXW148996753 BCX8\">&#8211;<\/span><span class=\"NormalTextRun SCXW148996753 BCX8\"> &amp; Makeup<\/span><span class=\"NormalTextRun SCXW148996753 BCX8\">-T<\/span><span class=\"NormalTextRun SCXW148996753 BCX8\">eam sind f\u00fcr das Styling der <\/span><span class=\"NormalTextRun SpellingErrorV2Themed SCXW148996753 BCX8\">Darsteller:innen<\/span><span class=\"NormalTextRun SCXW148996753 BCX8\"> zust\u00e4ndig. Unsere Arbeit ist mit&nbsp; viel Spa\u00df verbunden. <\/span><span class=\"NormalTextRun SCXW148996753 BCX8\">Nat\u00fcrlich <\/span><span class=\"NormalTextRun SCXW148996753 BCX8\">geben wir unser Bestes<\/span><span class=\"NormalTextRun SCXW148996753 BCX8\">,<\/span><span class=\"NormalTextRun SCXW148996753 BCX8\"> di<\/span><span class=\"NormalTextRun SCXW148996753 BCX8\">e <\/span><span class=\"NormalTextRun SpellingErrorV2Themed SCXW148996753 BCX8\">K\u00fcnstler:inn<\/span><span class=\"NormalTextRun SpellingErrorV2Themed SCXW148996753 BCX8\">en<\/span><span class=\"NormalTextRun SCXW148996753 BCX8\"> perfekt<\/span><span class=\"NormalTextRun SCXW148996753 BCX8\"> f\u00fcr die B\u00fchne&nbsp; vorzubereiten<\/span><span class=\"NormalTextRun SCXW148996753 BCX8\">. Pr\u00e4zises Arbeiten ist dabei sehr wichtig<\/span><span class=\"NormalTextRun SCXW148996753 BCX8\">,<\/span><span class=\"NormalTextRun SCXW148996753 BCX8\"> um <\/span><span class=\"NormalTextRun SCXW148996753 BCX8\">ein optimales <\/span><span class=\"NormalTextRun SCXW148996753 BCX8\">Ergebnis zu erzielen.<\/span><\/span><\/p>\n<p><span style=\"text-decoration: underline\"><em><strong><a href=\"https:\/\/www.borg-kindberg.at\/wald\/wp-content\/uploads\/2025\/02\/Lister-der-Beschaeftigten.pdf\">Team<\/a><\/strong><\/em><\/span><\/p>\t\t\t\t\t\t\t\t<\/div>\n\t\t\t\t<\/div>\n\t\t\t\t<\/div>\n\t\t\t\t\t<\/details>\n\t\t\t\t\t\t<details id=\"e-n-accordion-item-1383\" class=\"e-n-accordion-item\" >\n\t\t\t\t<summary class=\"e-n-accordion-item-title\" data-accordion-index=\"4\" tabindex=\"-1\" aria-expanded=\"false\" aria-controls=\"e-n-accordion-item-1383\" >\n\t\t\t\t\t<span class='e-n-accordion-item-title-header'><div class=\"e-n-accordion-item-title-text\"> IT <\/div><\/span>\n\t\t\t\t\t\t\t<span class='e-n-accordion-item-title-icon'>\n\t\t\t<span class='e-opened' ><svg aria-hidden=\"true\" class=\"e-font-icon-svg e-fas-minus\" viewBox=\"0 0 448 512\" xmlns=\"http:\/\/www.w3.org\/2000\/svg\"><path d=\"M416 208H32c-17.67 0-32 14.33-32 32v32c0 17.67 14.33 32 32 32h384c17.67 0 32-14.33 32-32v-32c0-17.67-14.33-32-32-32z\"><\/path><\/svg><\/span>\n\t\t\t<span class='e-closed'><svg aria-hidden=\"true\" class=\"e-font-icon-svg e-fas-plus\" viewBox=\"0 0 448 512\" xmlns=\"http:\/\/www.w3.org\/2000\/svg\"><path d=\"M416 208H272V64c0-17.67-14.33-32-32-32h-32c-17.67 0-32 14.33-32 32v144H32c-17.67 0-32 14.33-32 32v32c0 17.67 14.33 32 32 32h144v144c0 17.67 14.33 32 32 32h32c17.67 0 32-14.33 32-32V304h144c17.67 0 32-14.33 32-32v-32c0-17.67-14.33-32-32-32z\"><\/path><\/svg><\/span>\n\t\t<\/span>\n\n\t\t\t\t\t\t<\/summary>\n\t\t\t\t<div role=\"region\" aria-labelledby=\"e-n-accordion-item-1383\" class=\"elementor-element elementor-element-5c203a8 e-flex e-con-boxed e-con e-child\" data-id=\"5c203a8\" data-element_type=\"container\">\n\t\t\t\t\t<div class=\"e-con-inner\">\n\t\t\t\t<div class=\"elementor-element elementor-element-96d369c elementor-widget elementor-widget-text-editor\" data-id=\"96d369c\" data-element_type=\"widget\" data-widget_type=\"text-editor.default\">\n\t\t\t\t<div class=\"elementor-widget-container\">\n\t\t\t\t\t\t\t\t\t<p><span class=\"TextRun SCXW118213290 BCX8\" lang=\"DE-DE\" xml:lang=\"DE-DE\" data-contrast=\"auto\"><span class=\"NormalTextRun SCXW118213290 BCX8\">Wir aus der IT sind f\u00fcr den Kartenverkauf zust\u00e4ndig<\/span><span class=\"NormalTextRun SCXW118213290 BCX8\">.<\/span> <span class=\"NormalTextRun SCXW118213290 BCX8\">A<\/span><span class=\"NormalTextRun SCXW118213290 BCX8\">u\u00dferdem betreuen wir die technischen Abl\u00e4ufe<\/span><span class=\"NormalTextRun SCXW118213290 BCX8\">,<\/span><span class=\"NormalTextRun SCXW118213290 BCX8\"> wie z.B. die Gestaltung der Musicalhomepage. Gerade die gro\u00dfe Abwechslung macht unsere t\u00e4gliche Arbeit spannend. Es ist f\u00fcr uns <\/span><span class=\"NormalTextRun SCXW118213290 BCX8\">aufregend, <\/span><span class=\"NormalTextRun SCXW118213290 BCX8\">unser erlerntes Wissen aus dem Informatikunterricht anwenden zu k\u00f6nnen.<\/span><\/span><\/p><p><span class=\"TextRun SCXW118213290 BCX8\" lang=\"DE-DE\" xml:lang=\"DE-DE\" data-contrast=\"auto\"><span class=\"NormalTextRun SCXW118213290 BCX8\"><span style=\"text-decoration: underline\"><em><strong><a href=\"https:\/\/www.borg-kindberg.at\/wald\/wp-content\/uploads\/2025\/02\/IT-Atzen-1.pdf\">Team<\/a><\/strong><\/em><\/span><\/span><\/span><\/p>\t\t\t\t\t\t\t\t<\/div>\n\t\t\t\t<\/div>\n\t\t\t\t\t<\/div>\n\t\t\t\t<\/div>\n\t\t\t\t\t<\/details>\n\t\t\t\t\t<\/div>\n\t\t\t\t\t\t<\/div>\n\t\t\t\t<\/div>\n\t\t\t\t<\/div>\n\t\t\t\t<\/div>\n\t\t","protected":false},"excerpt":{"rendered":"<p>Gruppen Film Wir aus dem Filmteam haben die Aufgabe beim Musical, das B\u00fchnenbild zu gestalten. Man kann es bei der Auff\u00fchrung im Hintergrund auf einem Bildschirm betrachten. Auch ein Behind-the-scenes\u2013Video wird es von uns geben. Besonders cool finden wir die Freiheiten und Selbstverantwortung, welche wir von unserem Professor bekommen. Team Marketing Wir, das Marketingteam, sind [&hellip;]<\/p>\n","protected":false},"author":4,"featured_media":0,"parent":0,"menu_order":0,"comment_status":"closed","ping_status":"closed","template":"","meta":{"footnotes":""},"class_list":["post-1034","page","type-page","status-publish","hentry"],"_links":{"self":[{"href":"https:\/\/www.borg-kindberg.at\/wald\/wp-json\/wp\/v2\/pages\/1034","targetHints":{"allow":["GET"]}}],"collection":[{"href":"https:\/\/www.borg-kindberg.at\/wald\/wp-json\/wp\/v2\/pages"}],"about":[{"href":"https:\/\/www.borg-kindberg.at\/wald\/wp-json\/wp\/v2\/types\/page"}],"author":[{"embeddable":true,"href":"https:\/\/www.borg-kindberg.at\/wald\/wp-json\/wp\/v2\/users\/4"}],"replies":[{"embeddable":true,"href":"https:\/\/www.borg-kindberg.at\/wald\/wp-json\/wp\/v2\/comments?post=1034"}],"version-history":[{"count":73,"href":"https:\/\/www.borg-kindberg.at\/wald\/wp-json\/wp\/v2\/pages\/1034\/revisions"}],"predecessor-version":[{"id":1317,"href":"https:\/\/www.borg-kindberg.at\/wald\/wp-json\/wp\/v2\/pages\/1034\/revisions\/1317"}],"wp:attachment":[{"href":"https:\/\/www.borg-kindberg.at\/wald\/wp-json\/wp\/v2\/media?parent=1034"}],"curies":[{"name":"wp","href":"https:\/\/api.w.org\/{rel}","templated":true}]}}